{"id":192,"date":"2017-04-06T14:26:00","date_gmt":"2017-04-06T14:26:00","guid":{"rendered":"https:\/\/activi-tsimple.unittechnologies.com\/?page_id=192"},"modified":"2022-02-19T10:53:30","modified_gmt":"2022-02-19T14:53:30","slug":"caracteristiques","status":"publish","type":"page","link":"https:\/\/activi-tdm.unittechnologies.com\/fr\/caracteristiques\/","title":{"rendered":"CARACT\u00c9RISTIQUES"},"content":{"rendered":"[vc_row type=\u00a0\u00bbin_container\u00a0\u00bb full_screen_row_position=\u00a0\u00bbmiddle\u00a0\u00bb scene_position=\u00a0\u00bbcenter\u00a0\u00bb text_color=\u00a0\u00bbdark\u00a0\u00bb text_align=\u00a0\u00bbleft\u00a0\u00bb overlay_strength=\u00a0\u00bb0.3&Prime;][vc_column column_padding=\u00a0\u00bbno-extra-padding\u00a0\u00bb column_padding_position=\u00a0\u00bball\u00a0\u00bb background_color_opacity=\u00a0\u00bb1&Prime; background_hover_color_opacity=\u00a0\u00bb1&Prime; column_shadow=\u00a0\u00bbnone\u00a0\u00bb width=\u00a0\u00bb1\/1&Prime; tablet_text_alignment=\u00a0\u00bbdefault\u00a0\u00bb phone_text_alignment=\u00a0\u00bbdefault\u00a0\u00bb column_border_width=\u00a0\u00bbnone\u00a0\u00bb column_border_style=\u00a0\u00bbsolid\u00a0\u00bb]<div style=\"height: 350px\" data-midnight=\"nectar-slider\" class=\"parallax_slider_outer \"><div style=\"height: 350px\"  data-transition=\"slide\" data-overall_style=\"classic\" data-flexible-height=\"\" data-animate-in-effect=\"none\" data-fullscreen=\"false\" data-button-sizing=\"regular\" data-button-styling=\"btn_with_count\" data-autorotate=\"\" data-parallax=\"true\" data-full-width=\"true\" class=\"nectar-slider-wrap \" id=\"ns-id-69ea0b90dcd5f\">\r\n\t\t\t<div style=\"height: 350px\" class=\"swiper-container\"  data-tho=\"auto\" data-tco=\"auto\" data-pho=\"auto\" data-pco=\"auto\" data-loop=\"false\" data-height=\"350\" data-min-height=\"\" data-arrows=\"false\" data-bullets=\"false\" data-bullet_style=\"see_through\" data-desktop-swipe=\"false\" data-settings=\"\">\r\n\t\t\t\t    <div class=\"swiper-wrapper\"><div class=\"swiper-slide\" data-bg-alignment=\"center\" data-color-scheme=\"light\" data-x-pos=\"centered\" data-y-pos=\"middle\"> \r\n\t\t\t\t\t\t\t\t<div class=\"image-bg\" style=\"background-image: url(https:\/\/activi-tdm.unittechnologies.com\/wp-content\/uploads\/2017\/06\/DD17117_HeadBanner_V2.jpg);\"> &nbsp; <\/div><div class=\"video-texture active_texture\"> <span class=\"ie-fix\"><\/span> <\/div><\/div><!--\/swiper-slide--><\/div><div class=\"nectar-slider-loading \"> <span class=\"loading-icon spin\">   <\/span> <\/div> <\/div> \r\n\t\t\t\t\r\n\t\t\t<\/div><\/div>[\/vc_column][\/vc_row][vc_row type=\u00a0\u00bbin_container\u00a0\u00bb full_screen_row_position=\u00a0\u00bbmiddle\u00a0\u00bb scene_position=\u00a0\u00bbcenter\u00a0\u00bb text_color=\u00a0\u00bbdark\u00a0\u00bb text_align=\u00a0\u00bbleft\u00a0\u00bb overlay_strength=\u00a0\u00bb0.3&Prime;][vc_column column_padding=\u00a0\u00bbno-extra-padding\u00a0\u00bb column_padding_position=\u00a0\u00bball\u00a0\u00bb background_color_opacity=\u00a0\u00bb1&Prime; background_hover_color_opacity=\u00a0\u00bb1&Prime; column_shadow=\u00a0\u00bbnone\u00a0\u00bb width=\u00a0\u00bb1\/1&Prime; tablet_text_alignment=\u00a0\u00bbdefault\u00a0\u00bb phone_text_alignment=\u00a0\u00bbdefault\u00a0\u00bb column_border_width=\u00a0\u00bbnone\u00a0\u00bb column_border_style=\u00a0\u00bbsolid\u00a0\u00bb]<div class=\"divider-wrap\"><div style=\"height: 10px;\" class=\"divider\"><\/div><\/div>[\/vc_column][\/vc_row][vc_row type=\u00a0\u00bbin_container\u00a0\u00bb full_screen_row_position=\u00a0\u00bbmiddle\u00a0\u00bb scene_position=\u00a0\u00bbcenter\u00a0\u00bb text_color=\u00a0\u00bbdark\u00a0\u00bb text_align=\u00a0\u00bbleft\u00a0\u00bb overlay_strength=\u00a0\u00bb0.3&Prime;][vc_column column_padding=\u00a0\u00bbno-extra-padding\u00a0\u00bb column_padding_position=\u00a0\u00bball\u00a0\u00bb background_color_opacity=\u00a0\u00bb1&Prime; background_hover_color_opacity=\u00a0\u00bb1&Prime; column_shadow=\u00a0\u00bbnone\u00a0\u00bb width=\u00a0\u00bb1\/1&Prime; tablet_text_alignment=\u00a0\u00bbdefault\u00a0\u00bb phone_text_alignment=\u00a0\u00bbdefault\u00a0\u00bb column_border_width=\u00a0\u00bbnone\u00a0\u00bb column_border_style=\u00a0\u00bbsolid\u00a0\u00bb][vc_column_text]\n<h1 style=\"text-align: left;\"><span style=\"color: #b5e61d;\">Particularit\u00e9s du logiciel ACTIVI-T DM<\/span><\/h1>\n[\/vc_column_text]<div class=\"divider-wrap\"><div style=\"height: 20px;\" class=\"divider\"><\/div><\/div>[vc_column_text]ACTIVI-T DM est le logiciel de gestion des comptes de d\u00e9pendes d\u2019employ\u00e9s id\u00e9al pour le suivi de vos d\u00e9penses par employ\u00e9s, clients et dossiers. Les multiples fonctions d\u2019ACTIVI-T DM vous assureront une gestion optimale de vos d\u00e9penses.<\/p>\n<p>Les liens ci-dessous vous pr\u00e9sentent de fa\u00e7on tr\u00e8s sommaire certaines des fonctionnalit\u00e9s du logiciel ACTIVI-T DM.<\/p>\n<p>Exemples d&rsquo;\u00e9crans:<\/p>\n<ul>\n<li><a href=\"https:\/\/activi-tdm.unittechnologies.com\/fr\/niveaux-de-gestion-clients-et-projets\/\">Niveaux de gestion (clients et projets)<\/a><\/li>\n<li><a href=\"https:\/\/activi-tdm.unittechnologies.com\/fr\/gestion-et-configuration-de-codes-de-depenses\/\">Gestion et configuration de codes de d\u00e9penses<\/a><\/li>\n<li><a href=\"https:\/\/activi-tdm.unittechnologies.com\/fr\/saisie-des-comptes-de-depenses\/\">Saisies des comptes de d\u00e9penses<\/a><\/li>\n<li><a href=\"https:\/\/activi-tdm.unittechnologies.com\/fr\/impression-de-rapports\/\">Impression des rapports<\/a><\/li>\n<\/ul>\n[\/vc_column_text][\/vc_column][\/vc_row][vc_row type=\u00a0\u00bbin_container\u00a0\u00bb full_screen_row_position=\u00a0\u00bbmiddle\u00a0\u00bb scene_position=\u00a0\u00bbcenter\u00a0\u00bb text_color=\u00a0\u00bbdark\u00a0\u00bb text_align=\u00a0\u00bbleft\u00a0\u00bb overlay_strength=\u00a0\u00bb0.3&Prime;][vc_column column_padding=\u00a0\u00bbno-extra-padding\u00a0\u00bb column_padding_position=\u00a0\u00bball\u00a0\u00bb background_color_opacity=\u00a0\u00bb1&Prime; background_hover_color_opacity=\u00a0\u00bb1&Prime; column_shadow=\u00a0\u00bbnone\u00a0\u00bb width=\u00a0\u00bb1\/1&Prime; tablet_text_alignment=\u00a0\u00bbdefault\u00a0\u00bb phone_text_alignment=\u00a0\u00bbdefault\u00a0\u00bb column_border_width=\u00a0\u00bbnone\u00a0\u00bb column_border_style=\u00a0\u00bbsolid\u00a0\u00bb][vc_column_text]\n<h1 style=\"text-align: left;\"><span style=\"color: #b5e61d;\">Et beaucoup plus&#8230;<\/span><\/h1>\n[\/vc_column_text]<div class=\"divider-wrap\"><div style=\"height: 20px;\" class=\"divider\"><\/div><\/div>[vc_column_text]Pour plus d&rsquo;informations ou pour une pr\u00e9sentation de notre solution; veuillez nous contacter.[\/vc_column_text][\/vc_column][\/vc_row]\n","protected":false},"excerpt":{"rendered":"<p>[vc_row type=\u00a0\u00bbin_container\u00a0\u00bb full_screen_row_position=\u00a0\u00bbmiddle\u00a0\u00bb scene_position=\u00a0\u00bbcenter\u00a0\u00bb text_color=\u00a0\u00bbdark\u00a0\u00bb text_align=\u00a0\u00bbleft\u00a0\u00bb overlay_strength=\u00a0\u00bb0.3&Prime;][vc_column column_padding=\u00a0\u00bbno-extra-padding\u00a0\u00bb column_padding_position=\u00a0\u00bball\u00a0\u00bb background_color_opacity=\u00a0\u00bb1&Prime; background_hover_color_opacity=\u00a0\u00bb1&Prime; column_shadow=\u00a0\u00bbnone\u00a0\u00bb width=\u00a0\u00bb1\/1&Prime; tablet_text_alignment=\u00a0\u00bbdefault\u00a0\u00bb phone_text_alignment=\u00a0\u00bbdefault\u00a0\u00bb column_border_width=\u00a0\u00bbnone\u00a0\u00bb column_border_style=\u00a0\u00bbsolid\u00a0\u00bb][\/vc_column][\/vc_row][vc_row type=\u00a0\u00bbin_container\u00a0\u00bb full_screen_row_position=\u00a0\u00bbmiddle\u00a0\u00bb scene_position=\u00a0\u00bbcenter\u00a0\u00bb text_color=\u00a0\u00bbdark\u00a0\u00bb text_align=\u00a0\u00bbleft\u00a0\u00bb overlay_strength=\u00a0\u00bb0.3&Prime;][vc_column column_padding=\u00a0\u00bbno-extra-padding\u00a0\u00bb column_padding_position=\u00a0\u00bball\u00a0\u00bb background_color_opacity=\u00a0\u00bb1&Prime; background_hover_color_opacity=\u00a0\u00bb1&Prime; column_shadow=\u00a0\u00bbnone\u00a0\u00bb width=\u00a0\u00bb1\/1&Prime; tablet_text_alignment=\u00a0\u00bbdefault\u00a0\u00bb&#8230;<\/p>\n","protected":false},"author":1,"featured_media":0,"parent":0,"menu_order":0,"comment_status":"closed","ping_status":"closed","template":"","meta":{"footnotes":""},"class_list":["post-192","page","type-page","status-publish","hentry"],"yoast_head":"<!-- This site is optimized with the Yoast SEO plugin v19.5.1 - https:\/\/yoast.com\/wordpress\/plugins\/seo\/ -->\n<title>CARACT\u00c9RISTIQUES | ACTIVI-T DM<\/title>\n<meta name=\"description\" content=\"ACTIVI-T DM est le logiciel de gestion des comptes de d\u00e9pendes d\u2019employ\u00e9s id\u00e9al pour le suivi de vos d\u00e9penses par employ\u00e9s, clients et dossiers.\" \/>\n<meta name=\"robots\" content=\"index, follow, max-snippet:-1, max-image-preview:large, max-video-preview:-1\" \/>\n<link rel=\"canonical\" href=\"https:\/\/activi-tdm.unittechnologies.com\/fr\/caracteristiques\/\" \/>\n<meta property=\"og:locale\" content=\"fr_FR\" \/>\n<meta property=\"og:type\" content=\"article\" \/>\n<meta property=\"og:title\" content=\"CARACT\u00c9RISTIQUES | ACTIVI-T DM\" \/>\n<meta property=\"og:description\" content=\"ACTIVI-T DM est le logiciel de gestion des comptes de d\u00e9pendes d\u2019employ\u00e9s id\u00e9al pour le suivi de vos d\u00e9penses par employ\u00e9s, clients et dossiers.\" \/>\n<meta property=\"og:url\" content=\"https:\/\/activi-tdm.unittechnologies.com\/fr\/caracteristiques\/\" \/>\n<meta property=\"og:site_name\" content=\"ACTIVI-T DM\" \/>\n<meta property=\"article:modified_time\" content=\"2022-02-19T14:53:30+00:00\" \/>\n<meta name=\"twitter:card\" content=\"summary\" \/>\n<meta name=\"twitter:label1\" content=\"Dur\u00e9e de lecture estim\u00e9e\" \/>\n\t<meta name=\"twitter:data1\" content=\"1 minute\" \/>\n<script type=\"application\/ld+json\" class=\"yoast-schema-graph\">{\"@context\":\"https:\/\/schema.org\",\"@graph\":[{\"@type\":\"WebPage\",\"@id\":\"https:\/\/activi-tdm.unittechnologies.com\/fr\/caracteristiques\/\",\"url\":\"https:\/\/activi-tdm.unittechnologies.com\/fr\/caracteristiques\/\",\"name\":\"CARACT\u00c9RISTIQUES | ACTIVI-T DM\",\"isPartOf\":{\"@id\":\"https:\/\/activi-tdm.unittechnologies.com\/#website\"},\"datePublished\":\"2017-04-06T14:26:00+00:00\",\"dateModified\":\"2022-02-19T14:53:30+00:00\",\"description\":\"ACTIVI-T DM est le logiciel de gestion des comptes de d\u00e9pendes d\u2019employ\u00e9s id\u00e9al pour le suivi de vos d\u00e9penses par employ\u00e9s, clients et dossiers.\",\"breadcrumb\":{\"@id\":\"https:\/\/activi-tdm.unittechnologies.com\/fr\/caracteristiques\/#breadcrumb\"},\"inLanguage\":\"fr-FR\",\"potentialAction\":[{\"@type\":\"ReadAction\",\"target\":[\"https:\/\/activi-tdm.unittechnologies.com\/fr\/caracteristiques\/\"]}]},{\"@type\":\"BreadcrumbList\",\"@id\":\"https:\/\/activi-tdm.unittechnologies.com\/fr\/caracteristiques\/#breadcrumb\",\"itemListElement\":[{\"@type\":\"ListItem\",\"position\":1,\"name\":\"Accueil\",\"item\":\"https:\/\/activi-tdm.unittechnologies.com\/fr\/\"},{\"@type\":\"ListItem\",\"position\":2,\"name\":\"CARACT\u00c9RISTIQUES\"}]},{\"@type\":\"WebSite\",\"@id\":\"https:\/\/activi-tdm.unittechnologies.com\/#website\",\"url\":\"https:\/\/activi-tdm.unittechnologies.com\/\",\"name\":\"ACTIVI-T DM\",\"description\":\"\",\"publisher\":{\"@id\":\"https:\/\/activi-tdm.unittechnologies.com\/#organization\"},\"potentialAction\":[{\"@type\":\"SearchAction\",\"target\":{\"@type\":\"EntryPoint\",\"urlTemplate\":\"https:\/\/activi-tdm.unittechnologies.com\/?s={search_term_string}\"},\"query-input\":\"required name=search_term_string\"}],\"inLanguage\":\"fr-FR\"},{\"@type\":\"Organization\",\"@id\":\"https:\/\/activi-tdm.unittechnologies.com\/#organization\",\"name\":\"ACTIVI-T DM\",\"url\":\"https:\/\/activi-tdm.unittechnologies.com\/\",\"sameAs\":[],\"logo\":{\"@type\":\"ImageObject\",\"inLanguage\":\"fr-FR\",\"@id\":\"https:\/\/activi-tdm.unittechnologies.com\/#\/schema\/logo\/image\/\",\"url\":\"https:\/\/activi-tdm.unittechnologies.com\/wp-content\/uploads\/2022\/02\/Activi-t_DM_logo.png\",\"contentUrl\":\"https:\/\/activi-tdm.unittechnologies.com\/wp-content\/uploads\/2022\/02\/Activi-t_DM_logo.png\",\"width\":961,\"height\":159,\"caption\":\"ACTIVI-T DM\"},\"image\":{\"@id\":\"https:\/\/activi-tdm.unittechnologies.com\/#\/schema\/logo\/image\/\"}}]}<\/script>\n<!-- \/ Yoast SEO plugin. -->","yoast_head_json":{"title":"CARACT\u00c9RISTIQUES | ACTIVI-T DM","description":"ACTIVI-T DM est le logiciel de gestion des comptes de d\u00e9pendes d\u2019employ\u00e9s id\u00e9al pour le suivi de vos d\u00e9penses par employ\u00e9s, clients et dossiers.","robots":{"index":"index","follow":"follow","max-snippet":"max-snippet:-1","max-image-preview":"max-image-preview:large","max-video-preview":"max-video-preview:-1"},"canonical":"https:\/\/activi-tdm.unittechnologies.com\/fr\/caracteristiques\/","og_locale":"fr_FR","og_type":"article","og_title":"CARACT\u00c9RISTIQUES | ACTIVI-T DM","og_description":"ACTIVI-T DM est le logiciel de gestion des comptes de d\u00e9pendes d\u2019employ\u00e9s id\u00e9al pour le suivi de vos d\u00e9penses par employ\u00e9s, clients et dossiers.","og_url":"https:\/\/activi-tdm.unittechnologies.com\/fr\/caracteristiques\/","og_site_name":"ACTIVI-T DM","article_modified_time":"2022-02-19T14:53:30+00:00","twitter_card":"summary","twitter_misc":{"Dur\u00e9e de lecture estim\u00e9e":"1 minute"},"schema":{"@context":"https:\/\/schema.org","@graph":[{"@type":"WebPage","@id":"https:\/\/activi-tdm.unittechnologies.com\/fr\/caracteristiques\/","url":"https:\/\/activi-tdm.unittechnologies.com\/fr\/caracteristiques\/","name":"CARACT\u00c9RISTIQUES | ACTIVI-T DM","isPartOf":{"@id":"https:\/\/activi-tdm.unittechnologies.com\/#website"},"datePublished":"2017-04-06T14:26:00+00:00","dateModified":"2022-02-19T14:53:30+00:00","description":"ACTIVI-T DM est le logiciel de gestion des comptes de d\u00e9pendes d\u2019employ\u00e9s id\u00e9al pour le suivi de vos d\u00e9penses par employ\u00e9s, clients et dossiers.","breadcrumb":{"@id":"https:\/\/activi-tdm.unittechnologies.com\/fr\/caracteristiques\/#breadcrumb"},"inLanguage":"fr-FR","potentialAction":[{"@type":"ReadAction","target":["https:\/\/activi-tdm.unittechnologies.com\/fr\/caracteristiques\/"]}]},{"@type":"BreadcrumbList","@id":"https:\/\/activi-tdm.unittechnologies.com\/fr\/caracteristiques\/#breadcrumb","itemListElement":[{"@type":"ListItem","position":1,"name":"Accueil","item":"https:\/\/activi-tdm.unittechnologies.com\/fr\/"},{"@type":"ListItem","position":2,"name":"CARACT\u00c9RISTIQUES"}]},{"@type":"WebSite","@id":"https:\/\/activi-tdm.unittechnologies.com\/#website","url":"https:\/\/activi-tdm.unittechnologies.com\/","name":"ACTIVI-T DM","description":"","publisher":{"@id":"https:\/\/activi-tdm.unittechnologies.com\/#organization"},"potentialAction":[{"@type":"SearchAction","target":{"@type":"EntryPoint","urlTemplate":"https:\/\/activi-tdm.unittechnologies.com\/?s={search_term_string}"},"query-input":"required name=search_term_string"}],"inLanguage":"fr-FR"},{"@type":"Organization","@id":"https:\/\/activi-tdm.unittechnologies.com\/#organization","name":"ACTIVI-T DM","url":"https:\/\/activi-tdm.unittechnologies.com\/","sameAs":[],"logo":{"@type":"ImageObject","inLanguage":"fr-FR","@id":"https:\/\/activi-tdm.unittechnologies.com\/#\/schema\/logo\/image\/","url":"https:\/\/activi-tdm.unittechnologies.com\/wp-content\/uploads\/2022\/02\/Activi-t_DM_logo.png","contentUrl":"https:\/\/activi-tdm.unittechnologies.com\/wp-content\/uploads\/2022\/02\/Activi-t_DM_logo.png","width":961,"height":159,"caption":"ACTIVI-T DM"},"image":{"@id":"https:\/\/activi-tdm.unittechnologies.com\/#\/schema\/logo\/image\/"}}]}},"_links":{"self":[{"href":"https:\/\/activi-tdm.unittechnologies.com\/fr\/wp-json\/wp\/v2\/pages\/192","targetHints":{"allow":["GET"]}}],"collection":[{"href":"https:\/\/activi-tdm.unittechnologies.com\/fr\/wp-json\/wp\/v2\/pages"}],"about":[{"href":"https:\/\/activi-tdm.unittechnologies.com\/fr\/wp-json\/wp\/v2\/types\/page"}],"author":[{"embeddable":true,"href":"https:\/\/activi-tdm.unittechnologies.com\/fr\/wp-json\/wp\/v2\/users\/1"}],"replies":[{"embeddable":true,"href":"https:\/\/activi-tdm.unittechnologies.com\/fr\/wp-json\/wp\/v2\/comments?post=192"}],"version-history":[{"count":15,"href":"https:\/\/activi-tdm.unittechnologies.com\/fr\/wp-json\/wp\/v2\/pages\/192\/revisions"}],"predecessor-version":[{"id":465,"href":"https:\/\/activi-tdm.unittechnologies.com\/fr\/wp-json\/wp\/v2\/pages\/192\/revisions\/465"}],"wp:attachment":[{"href":"https:\/\/activi-tdm.unittechnologies.com\/fr\/wp-json\/wp\/v2\/media?parent=192"}],"curies":[{"name":"wp","href":"https:\/\/api.w.org\/{rel}","templated":true}]}}